{"id":10423,"date":"2021-03-05T12:59:09","date_gmt":"2021-03-05T12:59:09","guid":{"rendered":"https:\/\/www.copyrap.com\/trabaja-con-nosotros\/"},"modified":"2021-11-03T08:50:15","modified_gmt":"2021-11-03T08:50:15","slug":"work-with-us","status":"publish","type":"page","link":"https:\/\/www.copyrap.com\/en\/work-with-us\/","title":{"rendered":"Work with us"},"content":{"rendered":"<section class=\"l-section wpb_row us_custom_07a52ffa height_medium\"><div class=\"l-section-h i-cf\"><div class=\"g-cols vc_row type_default valign_top\"><div class=\"vc_col-sm-12 wpb_column vc_column_container\"><div class=\"vc_column-inner\"><div class=\"wpb_wrapper\">[vc_custom_heading text=&#8221;<strong>Work<\/strong><br \/>\nin Copyrap&#8221; font_container=&#8221;tag:h1|text_align:left&#8221; use_theme_fonts=&#8221;yes&#8221; el_class=&#8221;title-home&#8221; css=&#8221;%7B%22default%22%3A%7B%22color%22%3A%22%23047235%22%2C%22font-weight%22%3A%22700%22%2C%22text-transform%22%3A%22uppercase%22%2C%22font-size%22%3A%226.65rem%22%2C%22line-height%22%3A%221%22%7D%7D&#8221;]<\/div><\/div><\/div><\/div><\/div><\/section><section class=\"l-section wpb_row height_medium\"><div class=\"l-section-h i-cf\"><div class=\"g-cols vc_row type_default valign_top\"><div class=\"vc_col-sm-12 wpb_column vc_column_container\"><div class=\"vc_column-inner\"><div class=\"wpb_wrapper\">[vc_custom_heading text=&#8221;DO YOU WANT TO WORK WITH US?&#8221; font_container=&#8221;tag:h2|text_align:center&#8221; use_theme_fonts=&#8221;yes&#8221; css=&#8221;%7B%22default%22%3A%7B%22margin-bottom%22%3A%223rem%22%7D%7D&#8221;]<div class=\"g-cols wpb_row  us_custom_96af7901 type_default valign_top vc_inner\"><div class=\"vc_col-sm-12 wpb_column vc_column_container\"><div class=\"vc_column-inner\"><div class=\"wpb_wrapper\"><div class=\"wpb_text_column us_custom_46dea360\" ><div class=\"wpb_wrapper\"><p>If you have experience in our sector and would like to work at <a href=\"https:\/\/www.copyrap.com\/en\/\">Copyrap<\/a>, you can send us your CV for future recruitment selections.<\/p>\n<p>Fill in the following form or send us your CV to\u00a0<a href=\"mailto:rrhh@copyrap.com?subject=Formulario%20de%20solicitud%20de%20trabajo%20Copyrap\">rrhh@copyrap.com<\/a>.<\/p>\n<\/div><\/div>\n<div class=\"wpcf7 no-js\" id=\"wpcf7-f10867-o1\" lang=\"en-US\" dir=\"ltr\" data-wpcf7-id=\"10867\">\n<div class=\"screen-reader-response\"><p role=\"status\" aria-live=\"polite\" aria-atomic=\"true\"><\/p> <ul><\/ul><\/div>\n<form action=\"\/en\/wp-json\/wp\/v2\/pages\/10423#wpcf7-f10867-o1\" method=\"post\" class=\"wpcf7-form init wpcf7-acceptance-as-validation\" aria-label=\"Contact form\" enctype=\"multipart\/form-data\" novalidate=\"novalidate\" data-status=\"init\">\n<fieldset class=\"hidden-fields-container\"><input type=\"hidden\" name=\"_wpcf7\" value=\"10867\" \/><input type=\"hidden\" name=\"_wpcf7_version\" value=\"6.1.5\" \/><input type=\"hidden\" name=\"_wpcf7_locale\" value=\"en_US\" \/><input type=\"hidden\" name=\"_wpcf7_unit_tag\" value=\"wpcf7-f10867-o1\" \/><input type=\"hidden\" name=\"_wpcf7_container_post\" value=\"0\" \/><input type=\"hidden\" name=\"_wpcf7_posted_data_hash\" value=\"\" \/><input type=\"hidden\" name=\"_wpcf7dtx_version\" value=\"5.0.5\" \/><input type=\"hidden\" name=\"_wpcf7_recaptcha_response\" value=\"\" \/>\n<\/fieldset>\n<div class=\"row\">\n\t<div class=\"col-xs-12\">\n\t\t<div class=\"form-group\">\n\t\t\t<p><span class=\"wpcf7-form-control-wrap\" data-name=\"nombre\"><input size=\"40\" maxlength=\"400\" class=\"wpcf7-form-control wpcf7-text wpcf7-validates-as-required\" aria-required=\"true\" aria-invalid=\"false\" placeholder=\"Nombre y Apellidos\" value=\"\" type=\"text\" name=\"nombre\" \/><\/span>\n\t\t\t<\/p>\n\t\t<\/div>\n\t<\/div>\n<\/div>\n<div class=\"row\">\n\t<div class=\"col-xs-6\">\n\t\t<div class=\"form-group\">\n\t\t\t<p><span class=\"wpcf7-form-control-wrap\" data-name=\"direccion\"><input size=\"40\" maxlength=\"400\" class=\"wpcf7-form-control wpcf7-text wpcf7-validates-as-required\" aria-required=\"true\" aria-invalid=\"false\" placeholder=\"Direcci\u00f3n\" value=\"\" type=\"text\" name=\"direccion\" \/><\/span>\n\t\t\t<\/p>\n\t\t<\/div>\n\t<\/div>\n\t<div class=\"col-xs-6\">\n\t\t<div class=\"form-group\">\n\t\t\t<p><span class=\"wpcf7-form-control-wrap\" data-name=\"provincia\"><input size=\"40\" maxlength=\"400\" class=\"wpcf7-form-control wpcf7-text wpcf7-validates-as-required\" aria-required=\"true\" aria-invalid=\"false\" placeholder=\"Provincia\" value=\"\" type=\"text\" name=\"provincia\" \/><\/span>\n\t\t\t<\/p>\n\t\t<\/div>\n\t<\/div>\n<\/div>\n<div class=\"row\">\n\t<div class=\"col-xs-6\">\n\t\t<div class=\"form-group\">\n\t\t\t<p><span class=\"wpcf7-form-control-wrap\" data-name=\"email\"><input size=\"40\" maxlength=\"400\" class=\"wpcf7-form-control wpcf7-email wpcf7-validates-as-required wpcf7-text wpcf7-validates-as-email\" aria-required=\"true\" aria-invalid=\"false\" placeholder=\"Email\" value=\"\" type=\"email\" name=\"email\" \/><\/span>\n\t\t\t<\/p>\n\t\t<\/div>\n\t<\/div>\n\t<div class=\"col-xs-6\">\n\t\t<div class=\"form-group\">\n\t\t\t<p><span class=\"wpcf7-form-control-wrap\" data-name=\"telefono\"><input size=\"40\" maxlength=\"400\" class=\"wpcf7-form-control wpcf7-tel wpcf7-validates-as-required wpcf7-text wpcf7-validates-as-tel\" aria-required=\"true\" aria-invalid=\"false\" placeholder=\"Tel\u00e9fono de contacto\" value=\"\" type=\"tel\" name=\"telefono\" \/><\/span>\n\t\t\t<\/p>\n\t\t<\/div>\n\t<\/div>\n<\/div>\n<div class=\"row\">\n\t<div class=\"col-xs-12\">\n\t\t<div class=\"form-group\">\n\t\t\t<p><span class=\"wpcf7-form-control-wrap\" data-name=\"puesto\"><select class=\"wpcf7-form-control wpcf7-select wpcf7-validates-as-required\" aria-required=\"true\" aria-invalid=\"false\" name=\"puesto\"><option value=\"\">Puesto<\/option><option value=\"Atenci\u00f3n al p\u00fablico\">Atenci\u00f3n al p\u00fablico<\/option><option value=\"Dise\u00f1ador gr\u00e1fico\">Dise\u00f1ador gr\u00e1fico<\/option><option value=\"Comercial\">Comercial<\/option><option value=\"Departamento de producci\u00f3n (carteler\u00eda)\">Departamento de producci\u00f3n (carteler\u00eda)<\/option><option value=\"Instaladores\">Instaladores<\/option><option value=\"Departamento de contabilidad\">Departamento de contabilidad<\/option><\/select><\/span>\n\t\t\t<\/p>\n\t\t<\/div>\n\t<\/div>\n<\/div>\n<div class=\"row\">\n\t<div class=\"col-xs-12\">\n\t\t<div class=\"form-group\">\n\t\t\t<p><label>Envianos tu CV<\/label><span class=\"wpcf7-form-control-wrap\" data-name=\"cv\"><input size=\"40\" class=\"wpcf7-form-control wpcf7-file\" accept=\"audio\/*,video\/*,image\/*\" aria-invalid=\"false\" type=\"file\" name=\"cv\" \/><\/span>\n\t\t\t<\/p>\n\t\t<\/div>\n\t<\/div>\n<\/div>\n<div class=\"row\">\n\t<div class=\"col-xs-12\">\n\t\t<div class=\"form-group\">\n\t\t\t<p><span class=\"wpcf7-form-control-wrap\" data-name=\"legal\"><span class=\"wpcf7-form-control wpcf7-acceptance\"><span class=\"wpcf7-list-item\"><label><input type=\"checkbox\" name=\"legal\" value=\"1\" aria-invalid=\"false\" \/><span class=\"wpcf7-list-item-label\">Al enviar este formulario, aceptas nuestra <a target=\"_blank\" rel=\"nofollow\" href=\"https:\/\/www.copyrap.com\/privacidad\/\">pol\u00edtica de privacidad<\/a>.<\/span><\/label><\/span><\/span><\/span>\n\t\t\t<\/p>\n\t\t<\/div>\n\t<\/div>\n<\/div>\n<div class=\"block-submit\">\n\t<p><input class=\"wpcf7-form-control wpcf7-submit has-spinner\" id=\"form-job\" type=\"submit\" value=\"Enviar\" \/>\n\t<\/p>\n<\/div><div class=\"wpcf7-response-output\" aria-hidden=\"true\"><\/div>\n<\/form>\n<\/div>\n<\/div><\/div><\/div><\/div><\/div><\/div><\/div><\/div><\/div><\/section>\n\n\n<div class=\"kk-star-ratings kksr-auto kksr-align-center kksr-valign-bottom\"\n    data-payload='{&quot;align&quot;:&quot;center&quot;,&quot;id&quot;:&quot;10423&quot;,&quot;slug&quot;:&quot;default&quot;,&quot;valign&quot;:&quot;bottom&quot;,&quot;ignore&quot;:&quot;&quot;,&quot;reference&quot;:&quot;auto&quot;,&quot;class&quot;:&quot;&quot;,&quot;count&quot;:&quot;0&quot;,&quot;legendonly&quot;:&quot;&quot;,&quot;readonly&quot;:&quot;&quot;,&quot;score&quot;:&quot;0&quot;,&quot;starsonly&quot;:&quot;&quot;,&quot;best&quot;:&quot;5&quot;,&quot;gap&quot;:&quot;5&quot;,&quot;greet&quot;:&quot;Val\u00f3ranos&quot;,&quot;legend&quot;:&quot;0\\\/5 - (0 votes)&quot;,&quot;size&quot;:&quot;24&quot;,&quot;title&quot;:&quot;Work with us&quot;,&quot;width&quot;:&quot;0&quot;,&quot;_legend&quot;:&quot;{score}\\\/{best} - ({count} {votes})&quot;,&quot;font_factor&quot;:&quot;1.25&quot;}'>\n            \n<div class=\"kksr-stars\">\n    \n<div class=\"kksr-stars-inactive\">\n            <div class=\"kksr-star\" data-star=\"1\" style=\"padding-right: 5px\">\n            \n\n<div class=\"kksr-icon\" style=\"width: 24px; height: 24px;\"><\/div>\n        <\/div>\n            <div class=\"kksr-star\" data-star=\"2\" style=\"padding-right: 5px\">\n            \n\n<div class=\"kksr-icon\" style=\"width: 24px; height: 24px;\"><\/div>\n        <\/div>\n            <div class=\"kksr-star\" data-star=\"3\" style=\"padding-right: 5px\">\n            \n\n<div class=\"kksr-icon\" style=\"width: 24px; height: 24px;\"><\/div>\n        <\/div>\n            <div class=\"kksr-star\" data-star=\"4\" style=\"padding-right: 5px\">\n            \n\n<div class=\"kksr-icon\" style=\"width: 24px; height: 24px;\"><\/div>\n        <\/div>\n            <div class=\"kksr-star\" data-star=\"5\" style=\"padding-right: 5px\">\n            \n\n<div class=\"kksr-icon\" style=\"width: 24px; height: 24px;\"><\/div>\n        <\/div>\n    <\/div>\n    \n<div class=\"kksr-stars-active\" style=\"width: 0px;\">\n            <div class=\"kksr-star\" style=\"padding-right: 5px\">\n            \n\n<div class=\"kksr-icon\" style=\"width: 24px; height: 24px;\"><\/div>\n        <\/div>\n            <div class=\"kksr-star\" style=\"padding-right: 5px\">\n            \n\n<div class=\"kksr-icon\" style=\"width: 24px; height: 24px;\"><\/div>\n        <\/div>\n            <div class=\"kksr-star\" style=\"padding-right: 5px\">\n            \n\n<div class=\"kksr-icon\" style=\"width: 24px; height: 24px;\"><\/div>\n        <\/div>\n            <div class=\"kksr-star\" style=\"padding-right: 5px\">\n            \n\n<div class=\"kksr-icon\" style=\"width: 24px; height: 24px;\"><\/div>\n        <\/div>\n            <div class=\"kksr-star\" style=\"padding-right: 5px\">\n            \n\n<div class=\"kksr-icon\" style=\"width: 24px; height: 24px;\"><\/div>\n        <\/div>\n    <\/div>\n<\/div>\n                \n\n<div class=\"kksr-legend\" style=\"font-size: 19.2px;\">\n            <span class=\"kksr-muted\">Val\u00f3ranos<\/span>\n    <\/div>\n    <\/div>\n","protected":false},"excerpt":{"rendered":"[vc_custom_heading text=\"Work in Copyrap\" font_container=\"tag:h1|text_align:left\" use_theme_fonts=\"yes\" el_class=\"title-home\" css=\"%7B%22default%22%3A%7B%22color%22%3A%22%23047235%22%2C%22font-weight%22%3A%22700%22%2C%22text-transform%22%3A%22uppercase%22%2C%22font-size%22%3A%226.65rem%22%2C%22line-height%22%3A%221%22%7D%7D\"][vc_custom_heading text=\"DO YOU WANT TO WORK WITH US?\" font_container=\"tag:h2|text_align:center\" use_theme_fonts=\"yes\" css=\"%7B%22default%22%3A%7B%22margin-bottom%22%3A%223rem%22%7D%7D\"]If you have experience in our sector and would like to work at Copyrap, you can send us your CV for future recruitment selections. Fill in the following form or send us your CV to\u00a0rrhh@copyrap.com. PuestoAtenci\u00f3n al p\u00fablicoDise\u00f1ador...","protected":false},"author":1,"featured_media":9383,"parent":0,"menu_order":0,"comment_status":"closed","ping_status":"closed","template":"","meta":{"_acf_changed":false,"footnotes":""},"class_list":["post-10423","page","type-page","status-publish","has-post-thumbnail","hentry"],"acf":[],"yoast_head":"<!-- This site is optimized with the Yoast SEO plugin v27.4 - https:\/\/yoast.com\/product\/yoast-seo-wordpress\/ -->\n<title>Trabaja en Copyrap - Copyrap\u00ae<\/title>\n<meta name=\"description\" content=\"\u00bfQuieres trabajar con nosotros? Si tienes experiencia en nuestro sector, ev\u00edanos tu CV para optar a futuros procesos de selecci\u00f3n.\" \/>\n<meta name=\"robots\" content=\"index, follow, max-snippet:-1, max-image-preview:large, max-video-preview:-1\" \/>\n<link rel=\"canonical\" href=\"https:\/\/www.copyrap.com\/en\/work-with-us\/\" \/>\n<meta property=\"og:locale\" content=\"en_US\" \/>\n<meta property=\"og:type\" content=\"article\" \/>\n<meta property=\"og:title\" content=\"Trabaja en Copyrap - Copyrap\u00ae\" \/>\n<meta property=\"og:description\" content=\"\u00bfQuieres trabajar con nosotros? Si tienes experiencia en nuestro sector, ev\u00edanos tu CV para optar a futuros procesos de selecci\u00f3n.\" \/>\n<meta property=\"og:url\" content=\"https:\/\/www.copyrap.com\/en\/work-with-us\/\" \/>\n<meta property=\"og:site_name\" content=\"Copyrap\u00ae\" \/>\n<meta property=\"article:publisher\" content=\"https:\/\/www.facebook.com\/CentrosCOPYRAP\" \/>\n<meta property=\"article:modified_time\" content=\"2021-11-03T08:50:15+00:00\" \/>\n<meta property=\"og:image\" content=\"https:\/\/www.copyrap.com\/wp-content\/uploads\/2021\/01\/home-feature-image.jpg\" \/>\n\t<meta property=\"og:image:width\" content=\"720\" \/>\n\t<meta property=\"og:image:height\" content=\"500\" \/>\n\t<meta property=\"og:image:type\" content=\"image\/jpeg\" \/>\n<meta name=\"twitter:card\" content=\"summary_large_image\" \/>\n<meta name=\"twitter:site\" content=\"@COPYRAP\" \/>\n<meta name=\"twitter:label1\" content=\"Est. reading time\" \/>\n\t<meta name=\"twitter:data1\" content=\"1 minute\" \/>\n<script type=\"application\/ld+json\" class=\"yoast-schema-graph\">{\"@context\":\"https:\\\/\\\/schema.org\",\"@graph\":[{\"@type\":\"WebPage\",\"@id\":\"https:\\\/\\\/www.copyrap.com\\\/en\\\/work-with-us\\\/\",\"url\":\"https:\\\/\\\/www.copyrap.com\\\/en\\\/work-with-us\\\/\",\"name\":\"Trabaja en Copyrap - Copyrap\u00ae\",\"isPartOf\":{\"@id\":\"https:\\\/\\\/www.copyrap.com\\\/en\\\/#website\"},\"primaryImageOfPage\":{\"@id\":\"https:\\\/\\\/www.copyrap.com\\\/en\\\/work-with-us\\\/#primaryimage\"},\"image\":{\"@id\":\"https:\\\/\\\/www.copyrap.com\\\/en\\\/work-with-us\\\/#primaryimage\"},\"thumbnailUrl\":\"https:\\\/\\\/www.copyrap.com\\\/wp-content\\\/uploads\\\/2021\\\/01\\\/home-feature-image.jpg\",\"datePublished\":\"2021-03-05T12:59:09+00:00\",\"dateModified\":\"2021-11-03T08:50:15+00:00\",\"description\":\"\u00bfQuieres trabajar con nosotros? Si tienes experiencia en nuestro sector, ev\u00edanos tu CV para optar a futuros procesos de selecci\u00f3n.\",\"breadcrumb\":{\"@id\":\"https:\\\/\\\/www.copyrap.com\\\/en\\\/work-with-us\\\/#breadcrumb\"},\"inLanguage\":\"en-US\",\"potentialAction\":[{\"@type\":\"ReadAction\",\"target\":[\"https:\\\/\\\/www.copyrap.com\\\/en\\\/work-with-us\\\/\"]}]},{\"@type\":\"ImageObject\",\"inLanguage\":\"en-US\",\"@id\":\"https:\\\/\\\/www.copyrap.com\\\/en\\\/work-with-us\\\/#primaryimage\",\"url\":\"https:\\\/\\\/www.copyrap.com\\\/wp-content\\\/uploads\\\/2021\\\/01\\\/home-feature-image.jpg\",\"contentUrl\":\"https:\\\/\\\/www.copyrap.com\\\/wp-content\\\/uploads\\\/2021\\\/01\\\/home-feature-image.jpg\",\"width\":720,\"height\":500},{\"@type\":\"BreadcrumbList\",\"@id\":\"https:\\\/\\\/www.copyrap.com\\\/en\\\/work-with-us\\\/#breadcrumb\",\"itemListElement\":[{\"@type\":\"ListItem\",\"position\":1,\"name\":\"Portada\",\"item\":\"https:\\\/\\\/www.copyrap.com\\\/en\\\/\"},{\"@type\":\"ListItem\",\"position\":2,\"name\":\"Work with us\"}]},{\"@type\":\"WebSite\",\"@id\":\"https:\\\/\\\/www.copyrap.com\\\/en\\\/#website\",\"url\":\"https:\\\/\\\/www.copyrap.com\\\/en\\\/\",\"name\":\"Copyrap\u00ae\",\"description\":\"\",\"publisher\":{\"@id\":\"https:\\\/\\\/www.copyrap.com\\\/en\\\/#organization\"},\"potentialAction\":[{\"@type\":\"SearchAction\",\"target\":{\"@type\":\"EntryPoint\",\"urlTemplate\":\"https:\\\/\\\/www.copyrap.com\\\/en\\\/?s={search_term_string}\"},\"query-input\":{\"@type\":\"PropertyValueSpecification\",\"valueRequired\":true,\"valueName\":\"search_term_string\"}}],\"inLanguage\":\"en-US\"},{\"@type\":\"Organization\",\"@id\":\"https:\\\/\\\/www.copyrap.com\\\/en\\\/#organization\",\"name\":\"Copyrap\",\"url\":\"https:\\\/\\\/www.copyrap.com\\\/en\\\/\",\"logo\":{\"@type\":\"ImageObject\",\"inLanguage\":\"en-US\",\"@id\":\"https:\\\/\\\/www.copyrap.com\\\/en\\\/#\\\/schema\\\/logo\\\/image\\\/\",\"url\":\"https:\\\/\\\/www.copyrap.com\\\/wp-content\\\/uploads\\\/2021\\\/01\\\/logo-copyrap.png\",\"contentUrl\":\"https:\\\/\\\/www.copyrap.com\\\/wp-content\\\/uploads\\\/2021\\\/01\\\/logo-copyrap.png\",\"width\":205,\"height\":73,\"caption\":\"Copyrap\"},\"image\":{\"@id\":\"https:\\\/\\\/www.copyrap.com\\\/en\\\/#\\\/schema\\\/logo\\\/image\\\/\"},\"sameAs\":[\"https:\\\/\\\/www.facebook.com\\\/CentrosCOPYRAP\",\"https:\\\/\\\/x.com\\\/COPYRAP\",\"https:\\\/\\\/www.instagram.com\\\/copyrap\\\/\"]}]}<\/script>\n<!-- \/ Yoast SEO plugin. -->","yoast_head_json":{"title":"Trabaja en Copyrap - Copyrap\u00ae","description":"\u00bfQuieres trabajar con nosotros? Si tienes experiencia en nuestro sector, ev\u00edanos tu CV para optar a futuros procesos de selecci\u00f3n.","robots":{"index":"index","follow":"follow","max-snippet":"max-snippet:-1","max-image-preview":"max-image-preview:large","max-video-preview":"max-video-preview:-1"},"canonical":"https:\/\/www.copyrap.com\/en\/work-with-us\/","og_locale":"en_US","og_type":"article","og_title":"Trabaja en Copyrap - Copyrap\u00ae","og_description":"\u00bfQuieres trabajar con nosotros? Si tienes experiencia en nuestro sector, ev\u00edanos tu CV para optar a futuros procesos de selecci\u00f3n.","og_url":"https:\/\/www.copyrap.com\/en\/work-with-us\/","og_site_name":"Copyrap\u00ae","article_publisher":"https:\/\/www.facebook.com\/CentrosCOPYRAP","article_modified_time":"2021-11-03T08:50:15+00:00","og_image":[{"width":720,"height":500,"url":"https:\/\/www.copyrap.com\/wp-content\/uploads\/2021\/01\/home-feature-image.jpg","type":"image\/jpeg"}],"twitter_card":"summary_large_image","twitter_site":"@COPYRAP","twitter_misc":{"Est. reading time":"1 minute"},"schema":{"@context":"https:\/\/schema.org","@graph":[{"@type":"WebPage","@id":"https:\/\/www.copyrap.com\/en\/work-with-us\/","url":"https:\/\/www.copyrap.com\/en\/work-with-us\/","name":"Trabaja en Copyrap - Copyrap\u00ae","isPartOf":{"@id":"https:\/\/www.copyrap.com\/en\/#website"},"primaryImageOfPage":{"@id":"https:\/\/www.copyrap.com\/en\/work-with-us\/#primaryimage"},"image":{"@id":"https:\/\/www.copyrap.com\/en\/work-with-us\/#primaryimage"},"thumbnailUrl":"https:\/\/www.copyrap.com\/wp-content\/uploads\/2021\/01\/home-feature-image.jpg","datePublished":"2021-03-05T12:59:09+00:00","dateModified":"2021-11-03T08:50:15+00:00","description":"\u00bfQuieres trabajar con nosotros? Si tienes experiencia en nuestro sector, ev\u00edanos tu CV para optar a futuros procesos de selecci\u00f3n.","breadcrumb":{"@id":"https:\/\/www.copyrap.com\/en\/work-with-us\/#breadcrumb"},"inLanguage":"en-US","potentialAction":[{"@type":"ReadAction","target":["https:\/\/www.copyrap.com\/en\/work-with-us\/"]}]},{"@type":"ImageObject","inLanguage":"en-US","@id":"https:\/\/www.copyrap.com\/en\/work-with-us\/#primaryimage","url":"https:\/\/www.copyrap.com\/wp-content\/uploads\/2021\/01\/home-feature-image.jpg","contentUrl":"https:\/\/www.copyrap.com\/wp-content\/uploads\/2021\/01\/home-feature-image.jpg","width":720,"height":500},{"@type":"BreadcrumbList","@id":"https:\/\/www.copyrap.com\/en\/work-with-us\/#breadcrumb","itemListElement":[{"@type":"ListItem","position":1,"name":"Portada","item":"https:\/\/www.copyrap.com\/en\/"},{"@type":"ListItem","position":2,"name":"Work with us"}]},{"@type":"WebSite","@id":"https:\/\/www.copyrap.com\/en\/#website","url":"https:\/\/www.copyrap.com\/en\/","name":"Copyrap\u00ae","description":"","publisher":{"@id":"https:\/\/www.copyrap.com\/en\/#organization"},"potentialAction":[{"@type":"SearchAction","target":{"@type":"EntryPoint","urlTemplate":"https:\/\/www.copyrap.com\/en\/?s={search_term_string}"},"query-input":{"@type":"PropertyValueSpecification","valueRequired":true,"valueName":"search_term_string"}}],"inLanguage":"en-US"},{"@type":"Organization","@id":"https:\/\/www.copyrap.com\/en\/#organization","name":"Copyrap","url":"https:\/\/www.copyrap.com\/en\/","logo":{"@type":"ImageObject","inLanguage":"en-US","@id":"https:\/\/www.copyrap.com\/en\/#\/schema\/logo\/image\/","url":"https:\/\/www.copyrap.com\/wp-content\/uploads\/2021\/01\/logo-copyrap.png","contentUrl":"https:\/\/www.copyrap.com\/wp-content\/uploads\/2021\/01\/logo-copyrap.png","width":205,"height":73,"caption":"Copyrap"},"image":{"@id":"https:\/\/www.copyrap.com\/en\/#\/schema\/logo\/image\/"},"sameAs":["https:\/\/www.facebook.com\/CentrosCOPYRAP","https:\/\/x.com\/COPYRAP","https:\/\/www.instagram.com\/copyrap\/"]}]}},"_links":{"self":[{"href":"https:\/\/www.copyrap.com\/en\/wp-json\/wp\/v2\/pages\/10423","targetHints":{"allow":["GET"]}}],"collection":[{"href":"https:\/\/www.copyrap.com\/en\/wp-json\/wp\/v2\/pages"}],"about":[{"href":"https:\/\/www.copyrap.com\/en\/wp-json\/wp\/v2\/types\/page"}],"author":[{"embeddable":true,"href":"https:\/\/www.copyrap.com\/en\/wp-json\/wp\/v2\/users\/1"}],"replies":[{"embeddable":true,"href":"https:\/\/www.copyrap.com\/en\/wp-json\/wp\/v2\/comments?post=10423"}],"version-history":[{"count":4,"href":"https:\/\/www.copyrap.com\/en\/wp-json\/wp\/v2\/pages\/10423\/revisions"}],"predecessor-version":[{"id":10425,"href":"https:\/\/www.copyrap.com\/en\/wp-json\/wp\/v2\/pages\/10423\/revisions\/10425"}],"wp:featuredmedia":[{"embeddable":true,"href":"https:\/\/www.copyrap.com\/en\/wp-json\/wp\/v2\/media\/9383"}],"wp:attachment":[{"href":"https:\/\/www.copyrap.com\/en\/wp-json\/wp\/v2\/media?parent=10423"}],"curies":[{"name":"wp","href":"https:\/\/api.w.org\/{rel}","templated":true}]}}