{"id":10387,"date":"2021-03-05T11:29:03","date_gmt":"2021-03-05T11:29:03","guid":{"rendered":"https:\/\/www.copyrap.com\/solicite-presupuesto\/"},"modified":"2021-10-29T07:53:56","modified_gmt":"2021-10-29T07:53:56","slug":"request-quote","status":"publish","type":"page","link":"https:\/\/www.copyrap.com\/en\/request-quote\/","title":{"rendered":"Request quote"},"content":{"rendered":"<section class=\"l-section wpb_row us_custom_94de850a height_medium\"><div class=\"l-section-h i-cf\"><div class=\"g-cols vc_row type_default valign_top\"><div class=\"vc_col-sm-12 wpb_column vc_column_container\"><div class=\"vc_column-inner\"><div class=\"wpb_wrapper\">[vc_custom_heading text=&#8221;<strong>Request <\/strong><br \/>\nquote&#8221; font_container=&#8221;tag:h1|text_align:left&#8221; use_theme_fonts=&#8221;yes&#8221; el_class=&#8221;title-home&#8221; css=&#8221;%7B%22default%22%3A%7B%22color%22%3A%22%23047235%22%2C%22font-weight%22%3A%22700%22%2C%22text-transform%22%3A%22uppercase%22%2C%22font-size%22%3A%226.65rem%22%2C%22line-height%22%3A%221%22%7D%7D&#8221;]<\/div><\/div><\/div><\/div><\/div><\/section><section class=\"l-section wpb_row height_medium\"><div class=\"l-section-h i-cf\"><div class=\"g-cols vc_row type_default valign_top\"><div class=\"vc_col-sm-12 wpb_column vc_column_container\"><div class=\"vc_column-inner\"><div class=\"wpb_wrapper\"><div class=\"g-cols wpb_row  us_custom_96af7901 type_default valign_top vc_inner\"><div class=\"vc_col-sm-12 wpb_column vc_column_container\"><div class=\"vc_column-inner\"><div class=\"wpb_wrapper\"><div class=\"wpb_text_column us_custom_46dea360\" ><div class=\"wpb_wrapper\"><p>You can contact us using the following form or by calling us on the telephone numbers below. We will be pleased to help you. Thank you very much.<\/p>\n<\/div><\/div>\n<div class=\"wpcf7 no-js\" id=\"wpcf7-f10866-o1\" lang=\"en-US\" dir=\"ltr\" data-wpcf7-id=\"10866\">\n<div class=\"screen-reader-response\"><p role=\"status\" aria-live=\"polite\" aria-atomic=\"true\"><\/p> <ul><\/ul><\/div>\n<form action=\"\/en\/wp-json\/wp\/v2\/pages\/10387#wpcf7-f10866-o1\" method=\"post\" class=\"wpcf7-form init wpcf7-acceptance-as-validation\" aria-label=\"Contact form\" novalidate=\"novalidate\" data-status=\"init\">\n<fieldset class=\"hidden-fields-container\"><input type=\"hidden\" name=\"_wpcf7\" value=\"10866\" \/><input type=\"hidden\" name=\"_wpcf7_version\" value=\"6.1.5\" \/><input type=\"hidden\" name=\"_wpcf7_locale\" value=\"en_US\" \/><input type=\"hidden\" name=\"_wpcf7_unit_tag\" value=\"wpcf7-f10866-o1\" \/><input type=\"hidden\" name=\"_wpcf7_container_post\" value=\"0\" \/><input type=\"hidden\" name=\"_wpcf7_posted_data_hash\" value=\"\" \/><input type=\"hidden\" name=\"_wpcf7dtx_version\" value=\"5.0.5\" \/><input type=\"hidden\" name=\"_wpcf7_recaptcha_response\" value=\"\" \/>\n<\/fieldset>\n<div class=\"row\">\n\t<div class=\"col-xs-12\">\n\t\t<div class=\"form-group\">\n\t\t\t<p><span class=\"wpcf7-form-control-wrap\" data-name=\"nombre\"><input size=\"40\" maxlength=\"400\" class=\"wpcf7-form-control wpcf7-text wpcf7-validates-as-required\" aria-required=\"true\" aria-invalid=\"false\" placeholder=\"Nombre y Apellidos\" value=\"\" type=\"text\" name=\"nombre\" \/><\/span>\n\t\t\t<\/p>\n\t\t<\/div>\n\t<\/div>\n<\/div>\n<div class=\"row\">\n\t<div class=\"col-xs-6\">\n\t\t<div class=\"form-group\">\n\t\t\t<p><span class=\"wpcf7-form-control-wrap\" data-name=\"email\"><input size=\"40\" maxlength=\"400\" class=\"wpcf7-form-control wpcf7-email wpcf7-validates-as-required wpcf7-text wpcf7-validates-as-email\" aria-required=\"true\" aria-invalid=\"false\" placeholder=\"Email\" value=\"\" type=\"email\" name=\"email\" \/><\/span>\n\t\t\t<\/p>\n\t\t<\/div>\n\t<\/div>\n\t<div class=\"col-xs-6\">\n\t\t<div class=\"form-group\">\n\t\t\t<p><span class=\"wpcf7-form-control-wrap\" data-name=\"telefono\"><input size=\"40\" maxlength=\"400\" class=\"wpcf7-form-control wpcf7-tel wpcf7-validates-as-required wpcf7-text wpcf7-validates-as-tel\" aria-required=\"true\" aria-invalid=\"false\" placeholder=\"Tel\u00e9fono\" value=\"\" type=\"tel\" name=\"telefono\" \/><\/span>\n\t\t\t<\/p>\n\t\t<\/div>\n\t<\/div>\n<\/div>\n<div class=\"row\">\n\t<div class=\"col-xs-12\">\n\t\t<div class=\"form-group\">\n\t\t\t<p><span class=\"wpcf7-form-control-wrap\" data-name=\"centro\"><select class=\"wpcf7-form-control wpcf7-select wpcf7-validates-as-required franquicias-list\" aria-required=\"true\" aria-invalid=\"false\" name=\"centro\"><option value=\"\">Elige tu centro Copyrap...<\/option><option value=\"Avenida Aurora--aurora@copyrap.com\">Avenida Aurora<\/option><option value=\"Centro--centro@copyrap.com\">Centro<\/option><option value=\"El Palo--elpalo@copyrap.com\">El Palo<\/option><option value=\"El Torcal--eltorcal@copyrap.com\">El Torcal<\/option><option value=\"El Viso--elviso@copyrap.com\">El Viso<\/option><option value=\"Eugenio Gross--eugeniogross@copyrap.com\">Eugenio Gross<\/option><option value=\"La Paz--lapaz@copyrap.com\">La Paz<\/option><option value=\"Miraflores--miraflores@copyrap.com\">Miraflores<\/option><option value=\"Motril--motril@copyrap.com\">Motril<\/option><option value=\"Nueva M\u00e1laga--nuevamalaga@copyrap.com\">Nueva M\u00e1laga<\/option><option value=\"PrintCorner Las Piramides--app.laspiramides@gmail.com\">PrintCorner Las Piramides<\/option><option value=\"Printcorner Marbella--marbella@copyrap.com\">Printcorner Marbella<\/option><option value=\"PrintCorner Pap.  Elvira--papeleriaelvira@copyrapprintcorner.com\">PrintCorner Pap.  Elvira<\/option><option value=\"Production centre--info@copyrap.com\">Production centre<\/option><option value=\"Rinc\u00f3n de la Victoria--athenea@copyrap.com\">Rinc\u00f3n de la Victoria<\/option><option value=\"Teatinos--teatinos@copyrap.com\">Teatinos<\/option><option value=\"Torremolinos--torremolinos@copyrap.com\">Torremolinos<\/option><option value=\"V\u00e9lez-M\u00e1laga--axarcopy@copyrap.com\">V\u00e9lez-M\u00e1laga<\/option><\/select><\/span>\n\t\t\t<\/p>\n\t\t<\/div>\n\t<\/div>\n<\/div>\n<div class=\"row\">\n\t<div class=\"col-xs-12\">\n\t\t<div class=\"form-group\">\n\t\t\t<p><span class=\"wpcf7-form-control-wrap\" data-name=\"mensaje\"><textarea cols=\"40\" rows=\"10\" maxlength=\"2000\" class=\"wpcf7-form-control wpcf7-textarea wpcf7-validates-as-required\" aria-required=\"true\" aria-invalid=\"false\" placeholder=\"Defina lo mejor que pueda su trabajo o pedido...\" name=\"mensaje\"><\/textarea><\/span>\n\t\t\t<\/p>\n\t\t<\/div>\n\t<\/div>\n<\/div>\n<div class=\"row\">\n\t<div class=\"col-xs-12\">\n\t\t<div class=\"form-group\">\n\t\t\t<p><span class=\"wpcf7-form-control-wrap\" data-name=\"legal\"><span class=\"wpcf7-form-control wpcf7-acceptance\"><span class=\"wpcf7-list-item\"><label><input type=\"checkbox\" name=\"legal\" value=\"1\" aria-invalid=\"false\" \/><span class=\"wpcf7-list-item-label\">Al enviar este formulario, aceptas nuestra <a target=\"_blank\" rel=\"nofollow\" href=\"https:\/\/www.copyrap.com\/privacidad\/\">pol\u00edtica de privacidad<\/a>.<\/span><\/label><\/span><\/span><\/span>\n\t\t\t<\/p>\n\t\t<\/div>\n\t<\/div>\n<\/div>\n<div class=\"block-submit\">\n\t<p><input class=\"wpcf7-form-control wpcf7-submit has-spinner\" id=\"form-budget\" type=\"submit\" value=\"Enviar\" \/>\n\t<\/p>\n<\/div><div class=\"wpcf7-response-output\" aria-hidden=\"true\"><\/div>\n<\/form>\n<\/div>\n<\/div><\/div><\/div><\/div><\/div><\/div><\/div><\/div><\/div><\/section>\n\n\n<div class=\"kk-star-ratings kksr-auto kksr-align-center kksr-valign-bottom\"\n    data-payload='{&quot;align&quot;:&quot;center&quot;,&quot;id&quot;:&quot;10387&quot;,&quot;slug&quot;:&quot;default&quot;,&quot;valign&quot;:&quot;bottom&quot;,&quot;ignore&quot;:&quot;&quot;,&quot;reference&quot;:&quot;auto&quot;,&quot;class&quot;:&quot;&quot;,&quot;count&quot;:&quot;0&quot;,&quot;legendonly&quot;:&quot;&quot;,&quot;readonly&quot;:&quot;&quot;,&quot;score&quot;:&quot;0&quot;,&quot;starsonly&quot;:&quot;&quot;,&quot;best&quot;:&quot;5&quot;,&quot;gap&quot;:&quot;5&quot;,&quot;greet&quot;:&quot;Val\u00f3ranos&quot;,&quot;legend&quot;:&quot;0\\\/5 - (0 votes)&quot;,&quot;size&quot;:&quot;24&quot;,&quot;title&quot;:&quot;Request quote&quot;,&quot;width&quot;:&quot;0&quot;,&quot;_legend&quot;:&quot;{score}\\\/{best} - ({count} {votes})&quot;,&quot;font_factor&quot;:&quot;1.25&quot;}'>\n            \n<div class=\"kksr-stars\">\n    \n<div class=\"kksr-stars-inactive\">\n            <div class=\"kksr-star\" data-star=\"1\" style=\"padding-right: 5px\">\n            \n\n<div class=\"kksr-icon\" style=\"width: 24px; height: 24px;\"><\/div>\n        <\/div>\n            <div class=\"kksr-star\" data-star=\"2\" style=\"padding-right: 5px\">\n            \n\n<div class=\"kksr-icon\" style=\"width: 24px; height: 24px;\"><\/div>\n        <\/div>\n            <div class=\"kksr-star\" data-star=\"3\" style=\"padding-right: 5px\">\n            \n\n<div class=\"kksr-icon\" style=\"width: 24px; height: 24px;\"><\/div>\n        <\/div>\n            <div class=\"kksr-star\" data-star=\"4\" style=\"padding-right: 5px\">\n            \n\n<div class=\"kksr-icon\" style=\"width: 24px; height: 24px;\"><\/div>\n        <\/div>\n            <div class=\"kksr-star\" data-star=\"5\" style=\"padding-right: 5px\">\n            \n\n<div class=\"kksr-icon\" style=\"width: 24px; height: 24px;\"><\/div>\n        <\/div>\n    <\/div>\n    \n<div class=\"kksr-stars-active\" style=\"width: 0px;\">\n            <div class=\"kksr-star\" style=\"padding-right: 5px\">\n            \n\n<div class=\"kksr-icon\" style=\"width: 24px; height: 24px;\"><\/div>\n        <\/div>\n            <div class=\"kksr-star\" style=\"padding-right: 5px\">\n            \n\n<div class=\"kksr-icon\" style=\"width: 24px; height: 24px;\"><\/div>\n        <\/div>\n            <div class=\"kksr-star\" style=\"padding-right: 5px\">\n            \n\n<div class=\"kksr-icon\" style=\"width: 24px; height: 24px;\"><\/div>\n        <\/div>\n            <div class=\"kksr-star\" style=\"padding-right: 5px\">\n            \n\n<div class=\"kksr-icon\" style=\"width: 24px; height: 24px;\"><\/div>\n        <\/div>\n            <div class=\"kksr-star\" style=\"padding-right: 5px\">\n            \n\n<div class=\"kksr-icon\" style=\"width: 24px; height: 24px;\"><\/div>\n        <\/div>\n    <\/div>\n<\/div>\n                \n\n<div class=\"kksr-legend\" style=\"font-size: 19.2px;\">\n            <span class=\"kksr-muted\">Val\u00f3ranos<\/span>\n    <\/div>\n    <\/div>\n","protected":false},"excerpt":{"rendered":"[vc_custom_heading text=\"Request quote\" font_container=\"tag:h1|text_align:left\" use_theme_fonts=\"yes\" el_class=\"title-home\" css=\"%7B%22default%22%3A%7B%22color%22%3A%22%23047235%22%2C%22font-weight%22%3A%22700%22%2C%22text-transform%22%3A%22uppercase%22%2C%22font-size%22%3A%226.65rem%22%2C%22line-height%22%3A%221%22%7D%7D\"]You can contact us using the following form or by calling us on the telephone numbers below. We will be pleased to help you. Thank you very much. Elige tu centro Copyrap...Avenida AuroraCentroEl PaloEl TorcalEl VisoEugenio GrossLa PazMirafloresMotrilNueva M\u00e1lagaPrintCorner Las PiramidesPrintcorner MarbellaPrintCorner Pap. ElviraProduction centreRinc\u00f3n de la VictoriaTeatinosTorremolinosV\u00e9lez-M\u00e1laga Al...","protected":false},"author":1,"featured_media":9590,"parent":0,"menu_order":0,"comment_status":"closed","ping_status":"closed","template":"","meta":{"_acf_changed":false,"footnotes":""},"class_list":["post-10387","page","type-page","status-publish","has-post-thumbnail","hentry"],"acf":[],"yoast_head":"<!-- This site is optimized with the Yoast SEO plugin v27.4 - https:\/\/yoast.com\/product\/yoast-seo-wordpress\/ -->\n<title>Request quote - Copyrap\u00ae<\/title>\n<meta name=\"robots\" content=\"noindex, follow\" \/>\n<meta property=\"og:locale\" content=\"en_US\" \/>\n<meta property=\"og:type\" content=\"article\" \/>\n<meta property=\"og:title\" content=\"Request quote - Copyrap\u00ae\" \/>\n<meta property=\"og:url\" content=\"https:\/\/www.copyrap.com\/en\/request-quote\/\" \/>\n<meta property=\"og:site_name\" content=\"Copyrap\u00ae\" \/>\n<meta property=\"article:publisher\" content=\"https:\/\/www.facebook.com\/CentrosCOPYRAP\" \/>\n<meta property=\"article:modified_time\" content=\"2021-10-29T07:53:56+00:00\" \/>\n<meta property=\"og:image\" content=\"https:\/\/www.copyrap.com\/wp-content\/uploads\/2021\/04\/presupuesto-featured.jpg\" \/>\n\t<meta property=\"og:image:width\" content=\"415\" \/>\n\t<meta property=\"og:image:height\" content=\"415\" \/>\n\t<meta property=\"og:image:type\" content=\"image\/jpeg\" \/>\n<meta name=\"twitter:card\" content=\"summary_large_image\" \/>\n<meta name=\"twitter:site\" content=\"@COPYRAP\" \/>\n<meta name=\"twitter:label1\" content=\"Est. reading time\" \/>\n\t<meta name=\"twitter:data1\" content=\"1 minute\" \/>\n<script type=\"application\/ld+json\" class=\"yoast-schema-graph\">{\"@context\":\"https:\\\/\\\/schema.org\",\"@graph\":[{\"@type\":\"WebPage\",\"@id\":\"https:\\\/\\\/www.copyrap.com\\\/en\\\/request-quote\\\/\",\"url\":\"https:\\\/\\\/www.copyrap.com\\\/en\\\/request-quote\\\/\",\"name\":\"Request quote - Copyrap\u00ae\",\"isPartOf\":{\"@id\":\"https:\\\/\\\/www.copyrap.com\\\/en\\\/#website\"},\"primaryImageOfPage\":{\"@id\":\"https:\\\/\\\/www.copyrap.com\\\/en\\\/request-quote\\\/#primaryimage\"},\"image\":{\"@id\":\"https:\\\/\\\/www.copyrap.com\\\/en\\\/request-quote\\\/#primaryimage\"},\"thumbnailUrl\":\"https:\\\/\\\/www.copyrap.com\\\/wp-content\\\/uploads\\\/2021\\\/04\\\/presupuesto-featured.jpg\",\"datePublished\":\"2021-03-05T11:29:03+00:00\",\"dateModified\":\"2021-10-29T07:53:56+00:00\",\"breadcrumb\":{\"@id\":\"https:\\\/\\\/www.copyrap.com\\\/en\\\/request-quote\\\/#breadcrumb\"},\"inLanguage\":\"en-US\",\"potentialAction\":[{\"@type\":\"ReadAction\",\"target\":[\"https:\\\/\\\/www.copyrap.com\\\/en\\\/request-quote\\\/\"]}]},{\"@type\":\"ImageObject\",\"inLanguage\":\"en-US\",\"@id\":\"https:\\\/\\\/www.copyrap.com\\\/en\\\/request-quote\\\/#primaryimage\",\"url\":\"https:\\\/\\\/www.copyrap.com\\\/wp-content\\\/uploads\\\/2021\\\/04\\\/presupuesto-featured.jpg\",\"contentUrl\":\"https:\\\/\\\/www.copyrap.com\\\/wp-content\\\/uploads\\\/2021\\\/04\\\/presupuesto-featured.jpg\",\"width\":415,\"height\":415},{\"@type\":\"BreadcrumbList\",\"@id\":\"https:\\\/\\\/www.copyrap.com\\\/en\\\/request-quote\\\/#breadcrumb\",\"itemListElement\":[{\"@type\":\"ListItem\",\"position\":1,\"name\":\"Portada\",\"item\":\"https:\\\/\\\/www.copyrap.com\\\/en\\\/\"},{\"@type\":\"ListItem\",\"position\":2,\"name\":\"Request quote\"}]},{\"@type\":\"WebSite\",\"@id\":\"https:\\\/\\\/www.copyrap.com\\\/en\\\/#website\",\"url\":\"https:\\\/\\\/www.copyrap.com\\\/en\\\/\",\"name\":\"Copyrap\u00ae\",\"description\":\"\",\"publisher\":{\"@id\":\"https:\\\/\\\/www.copyrap.com\\\/en\\\/#organization\"},\"potentialAction\":[{\"@type\":\"SearchAction\",\"target\":{\"@type\":\"EntryPoint\",\"urlTemplate\":\"https:\\\/\\\/www.copyrap.com\\\/en\\\/?s={search_term_string}\"},\"query-input\":{\"@type\":\"PropertyValueSpecification\",\"valueRequired\":true,\"valueName\":\"search_term_string\"}}],\"inLanguage\":\"en-US\"},{\"@type\":\"Organization\",\"@id\":\"https:\\\/\\\/www.copyrap.com\\\/en\\\/#organization\",\"name\":\"Copyrap\",\"url\":\"https:\\\/\\\/www.copyrap.com\\\/en\\\/\",\"logo\":{\"@type\":\"ImageObject\",\"inLanguage\":\"en-US\",\"@id\":\"https:\\\/\\\/www.copyrap.com\\\/en\\\/#\\\/schema\\\/logo\\\/image\\\/\",\"url\":\"https:\\\/\\\/www.copyrap.com\\\/wp-content\\\/uploads\\\/2021\\\/01\\\/logo-copyrap.png\",\"contentUrl\":\"https:\\\/\\\/www.copyrap.com\\\/wp-content\\\/uploads\\\/2021\\\/01\\\/logo-copyrap.png\",\"width\":205,\"height\":73,\"caption\":\"Copyrap\"},\"image\":{\"@id\":\"https:\\\/\\\/www.copyrap.com\\\/en\\\/#\\\/schema\\\/logo\\\/image\\\/\"},\"sameAs\":[\"https:\\\/\\\/www.facebook.com\\\/CentrosCOPYRAP\",\"https:\\\/\\\/x.com\\\/COPYRAP\",\"https:\\\/\\\/www.instagram.com\\\/copyrap\\\/\"]}]}<\/script>\n<!-- \/ Yoast SEO plugin. -->","yoast_head_json":{"title":"Request quote - Copyrap\u00ae","robots":{"index":"noindex","follow":"follow"},"og_locale":"en_US","og_type":"article","og_title":"Request quote - Copyrap\u00ae","og_url":"https:\/\/www.copyrap.com\/en\/request-quote\/","og_site_name":"Copyrap\u00ae","article_publisher":"https:\/\/www.facebook.com\/CentrosCOPYRAP","article_modified_time":"2021-10-29T07:53:56+00:00","og_image":[{"width":415,"height":415,"url":"https:\/\/www.copyrap.com\/wp-content\/uploads\/2021\/04\/presupuesto-featured.jpg","type":"image\/jpeg"}],"twitter_card":"summary_large_image","twitter_site":"@COPYRAP","twitter_misc":{"Est. reading time":"1 minute"},"schema":{"@context":"https:\/\/schema.org","@graph":[{"@type":"WebPage","@id":"https:\/\/www.copyrap.com\/en\/request-quote\/","url":"https:\/\/www.copyrap.com\/en\/request-quote\/","name":"Request quote - Copyrap\u00ae","isPartOf":{"@id":"https:\/\/www.copyrap.com\/en\/#website"},"primaryImageOfPage":{"@id":"https:\/\/www.copyrap.com\/en\/request-quote\/#primaryimage"},"image":{"@id":"https:\/\/www.copyrap.com\/en\/request-quote\/#primaryimage"},"thumbnailUrl":"https:\/\/www.copyrap.com\/wp-content\/uploads\/2021\/04\/presupuesto-featured.jpg","datePublished":"2021-03-05T11:29:03+00:00","dateModified":"2021-10-29T07:53:56+00:00","breadcrumb":{"@id":"https:\/\/www.copyrap.com\/en\/request-quote\/#breadcrumb"},"inLanguage":"en-US","potentialAction":[{"@type":"ReadAction","target":["https:\/\/www.copyrap.com\/en\/request-quote\/"]}]},{"@type":"ImageObject","inLanguage":"en-US","@id":"https:\/\/www.copyrap.com\/en\/request-quote\/#primaryimage","url":"https:\/\/www.copyrap.com\/wp-content\/uploads\/2021\/04\/presupuesto-featured.jpg","contentUrl":"https:\/\/www.copyrap.com\/wp-content\/uploads\/2021\/04\/presupuesto-featured.jpg","width":415,"height":415},{"@type":"BreadcrumbList","@id":"https:\/\/www.copyrap.com\/en\/request-quote\/#breadcrumb","itemListElement":[{"@type":"ListItem","position":1,"name":"Portada","item":"https:\/\/www.copyrap.com\/en\/"},{"@type":"ListItem","position":2,"name":"Request quote"}]},{"@type":"WebSite","@id":"https:\/\/www.copyrap.com\/en\/#website","url":"https:\/\/www.copyrap.com\/en\/","name":"Copyrap\u00ae","description":"","publisher":{"@id":"https:\/\/www.copyrap.com\/en\/#organization"},"potentialAction":[{"@type":"SearchAction","target":{"@type":"EntryPoint","urlTemplate":"https:\/\/www.copyrap.com\/en\/?s={search_term_string}"},"query-input":{"@type":"PropertyValueSpecification","valueRequired":true,"valueName":"search_term_string"}}],"inLanguage":"en-US"},{"@type":"Organization","@id":"https:\/\/www.copyrap.com\/en\/#organization","name":"Copyrap","url":"https:\/\/www.copyrap.com\/en\/","logo":{"@type":"ImageObject","inLanguage":"en-US","@id":"https:\/\/www.copyrap.com\/en\/#\/schema\/logo\/image\/","url":"https:\/\/www.copyrap.com\/wp-content\/uploads\/2021\/01\/logo-copyrap.png","contentUrl":"https:\/\/www.copyrap.com\/wp-content\/uploads\/2021\/01\/logo-copyrap.png","width":205,"height":73,"caption":"Copyrap"},"image":{"@id":"https:\/\/www.copyrap.com\/en\/#\/schema\/logo\/image\/"},"sameAs":["https:\/\/www.facebook.com\/CentrosCOPYRAP","https:\/\/x.com\/COPYRAP","https:\/\/www.instagram.com\/copyrap\/"]}]}},"_links":{"self":[{"href":"https:\/\/www.copyrap.com\/en\/wp-json\/wp\/v2\/pages\/10387","targetHints":{"allow":["GET"]}}],"collection":[{"href":"https:\/\/www.copyrap.com\/en\/wp-json\/wp\/v2\/pages"}],"about":[{"href":"https:\/\/www.copyrap.com\/en\/wp-json\/wp\/v2\/types\/page"}],"author":[{"embeddable":true,"href":"https:\/\/www.copyrap.com\/en\/wp-json\/wp\/v2\/users\/1"}],"replies":[{"embeddable":true,"href":"https:\/\/www.copyrap.com\/en\/wp-json\/wp\/v2\/comments?post=10387"}],"version-history":[{"count":3,"href":"https:\/\/www.copyrap.com\/en\/wp-json\/wp\/v2\/pages\/10387\/revisions"}],"predecessor-version":[{"id":10392,"href":"https:\/\/www.copyrap.com\/en\/wp-json\/wp\/v2\/pages\/10387\/revisions\/10392"}],"wp:featuredmedia":[{"embeddable":true,"href":"https:\/\/www.copyrap.com\/en\/wp-json\/wp\/v2\/media\/9590"}],"wp:attachment":[{"href":"https:\/\/www.copyrap.com\/en\/wp-json\/wp\/v2\/media?parent=10387"}],"curies":[{"name":"wp","href":"https:\/\/api.w.org\/{rel}","templated":true}]}}